{"id":86,"date":"2025-12-22T16:57:47","date_gmt":"2025-12-22T16:57:47","guid":{"rendered":"https:\/\/regressoacasa.pt\/?page_id=86"},"modified":"2025-12-22T18:16:16","modified_gmt":"2025-12-22T18:16:16","slug":"sobre-mim","status":"publish","type":"page","link":"https:\/\/regressoacasa.pt\/?page_id=86","title":{"rendered":"Sobre mim"},"content":{"rendered":"\n<figure class=\"wp-block-image size-full is-resized\"><img loading=\"lazy\" decoding=\"async\" width=\"290\" height=\"174\" src=\"https:\/\/regressoacasa.pt\/wp-content\/uploads\/2025\/12\/images.jpeg\" alt=\"\" class=\"wp-image-106\" style=\"aspect-ratio:1.6666816850642037;width:840px;height:auto\"\/><\/figure>\n\n\n\n<h1 class=\"wp-block-heading\"><strong>Rui Melo<br><\/strong><em>Escritor<\/em><\/h1>\n\n\n\n<blockquote class=\"wp-block-quote is-layout-flow wp-block-quote-is-layout-flow\">\n<p>\u200b<strong>&#8220;Tenho de viver j\u00e1, sen\u00e3o esque\u00e7o-me&#8221;,&nbsp;<\/strong>Mia Couto<\/p>\n<\/blockquote>\n\n\n\n<p>Escrevo desde os meus 11 anos. Escrevo para ser. Adoro pensar que sou um produtor de pensamentos. Esta \u00e9, talvez, a condi\u00e7\u00e3o que melhor me define. Sou pai de 3 filhas e considero a Fam\u00edlia e o Lar e tudo o que por l\u00e1 acontece, a coisa mais maravilhosa e mais importante no crescimento pessoal de qualquer ser humano. Se sou perfeito? Se quero ser perfeito? N\u00e3!!! Procuro ser, na rela\u00e7\u00e3o comigo e com os outros, a minha melhor vers\u00e3o. Procuro ser melhor amanh\u00e3 do que hoje. E essa atitude \u00e9 a minha sensa\u00e7\u00e3o de perfei\u00e7\u00e3o.<\/p>\n","protected":false},"excerpt":{"rendered":"<p>Rui MeloEscritor \u200b&#8220;Tenho de viver j\u00e1, sen\u00e3o esque\u00e7o-me&#8221;,&nbsp;Mia Couto Escrevo desde os meus 11 anos. Escrevo para ser. Adoro pensar que sou um produtor de pensamentos. Esta \u00e9, talvez, a condi\u00e7\u00e3o que melhor me define. Sou pai de 3 filhas e considero a Fam\u00edlia e o Lar e tudo o que por l\u00e1 acontece, a&#8230;<\/p>\n","protected":false},"author":1,"featured_media":0,"parent":0,"menu_order":0,"comment_status":"closed","ping_status":"closed","template":"","meta":{"footnotes":""},"class_list":["post-86","page","type-page","status-publish","hentry"],"jetpack_sharing_enabled":true,"_links":{"self":[{"href":"https:\/\/regressoacasa.pt\/index.php?rest_route=\/wp\/v2\/pages\/86","targetHints":{"allow":["GET"]}}],"collection":[{"href":"https:\/\/regressoacasa.pt\/index.php?rest_route=\/wp\/v2\/pages"}],"about":[{"href":"https:\/\/regressoacasa.pt\/index.php?rest_route=\/wp\/v2\/types\/page"}],"author":[{"embeddable":true,"href":"https:\/\/regressoacasa.pt\/index.php?rest_route=\/wp\/v2\/users\/1"}],"replies":[{"embeddable":true,"href":"https:\/\/regressoacasa.pt\/index.php?rest_route=%2Fwp%2Fv2%2Fcomments&post=86"}],"version-history":[{"count":5,"href":"https:\/\/regressoacasa.pt\/index.php?rest_route=\/wp\/v2\/pages\/86\/revisions"}],"predecessor-version":[{"id":108,"href":"https:\/\/regressoacasa.pt\/index.php?rest_route=\/wp\/v2\/pages\/86\/revisions\/108"}],"wp:attachment":[{"href":"https:\/\/regressoacasa.pt\/index.php?rest_route=%2Fwp%2Fv2%2Fmedia&parent=86"}],"curies":[{"name":"wp","href":"https:\/\/api.w.org\/{rel}","templated":true}]}}